 {"id":1012,"date":"2022-09-06T04:15:32","date_gmt":"2022-09-06T04:15:32","guid":{"rendered":"https:\/\/cleancare.com.vn\/gioi-thieu\/"},"modified":"2023-04-10T07:01:23","modified_gmt":"2023-04-10T07:01:23","slug":"gioi-thieu","status":"publish","type":"page","link":"https:\/\/cleancare.com.vn\/en\/gioi-thieu\/","title":{"rendered":"GI\u1edaI THI\u1ec6U"},"content":{"rendered":"<h2><em><img src=\"https:\/\/longtruongvu.vn\/UserFile\/editor\/images\/gioithieu\/chu-tich.jpg\" alt=\"TH\u01af NG\u1ece\" \/><\/em><\/h2>\n<h2><em><strong>TH\u00d4NG \u0110I\u1ec6P C\u1ee6A CH\u1ee6 T\u1ecaCH<\/strong><\/em><\/h2>\n<p><em>N\u0103m 2002, Long Tr\u01b0\u1eddng V\u0169 ch\u00ednh th\u1ee9c \u0111\u01b0\u1ee3c th\u00e0nh l\u1eadp t\u1eeb vi\u1ec7c \u00fd th\u1ee9c s\u00e2u s\u1eafc r\u1eb1ng c\u00f4ng t\u00e1c qu\u1ea3n l\u00fd v\u00e0 ki\u1ec3m so\u00e1t \u0111\u00f3ng vai tr\u00f2 r\u1ea5t quan tr\u1ecdng trong s\u1ea3n xu\u1ea5t v\u00e0 v\u1eadn h\u00e0nh doanh nghi\u1ec7p. N\u1ebfu th\u1ef1c hi\u1ec7n kh\u00f4ng t\u1ed1t s\u1ebd l\u00e0m t\u0103ng chi ph\u00ed s\u1ea3n xu\u1ea5t, chi ph\u00ed b\u1ea3o tr\u00ec s\u1eeda ch\u1eefa v\u00e0 kh\u1eafc ph\u1ee5c s\u1ef1 c\u1ed1, th\u1eadm ch\u00ed l\u00e0 ph\u1ea3i tr\u1ea3 gi\u00e1 b\u1eb1ng s\u1ee9c kho\u1ebb v\u00e0 s\u1ef1 an to\u00e0n c\u1ee7a nh\u00e2n vi\u00ean. Ch\u1eb7ng \u0111\u01b0\u1eddng 20 n\u0103m ho\u1ea1t \u0111\u1ed9ng c\u1ee7a ch\u00fang t\u00f4i l\u00e0 h\u00e0nh tr\u00ecnh v\u00ec s\u1ee9 m\u1ec7nh gi\u00fap c\u00e1c doanh nghi\u1ec7p gia t\u0103ng hi\u1ec7u qu\u1ea3 s\u1ea3n xu\u1ea5t, y\u00ean t\u00e2m ph\u00e1t tri\u1ec3n b\u1ec1n v\u1eefng, \u0111\u00f3ng g\u00f3p cho s\u1ef1 ph\u00e1t tri\u1ec3n c\u1ee7a x\u00e3 h\u1ed9i v\u00e0 c\u1ed9ng \u0111\u1ed3ng.<\/em><\/p>\n<p><em>\u0110\u1ecbnh h\u01b0\u1edbng ho\u1ea1t \u0111\u1ed9ng trong l\u0129nh v\u1ef1c x\u1eed l\u00fd n\u01b0\u1edbc c\u00f4ng nghi\u1ec7p, ch\u1ed1ng \u0103n m\u00f2n v\u00e0 l\u00e0m s\u1ea1ch h\u1ec7 th\u1ed1ng l\u00f2 h\u01a1i, h\u1ec7 th\u1ed1ng gi\u1ea3i nhi\u1ec7t l\u00e0 m\u1ed9t quy\u1ebft \u0111\u1ecbnh \u0111\u00fang \u0111\u1eafn ph\u00f9 h\u1ee3p v\u1edbi xu h\u01b0\u1edbng chung c\u1ee7a th\u1ecb tr\u01b0\u1eddng v\u00e0 nhu c\u1ea7u c\u1ee7a kh\u00e1ch h\u00e0ng, th\u01b0\u01a1ng hi\u1ec7u\u00a0<strong>Long Tr\u01b0\u1eddng V\u0169 (LTV)<\/strong>\u00a0\u0111\u00e3 chi\u1ebfm \u0111\u01b0\u1ee3c l\u00f2ng tin c\u1ee7a c\u00e1c t\u1eadp \u0111o\u00e0n l\u1edbn tr\u00ean th\u1ebf gi\u1edbi nh\u01b0: T\u1eadp \u0111o\u00e0n CP (Thailand), T\u1eadp \u0111o\u00e0n Deheus (The Netherlands) CJ Vina (Korea), Colgate (USA), Newtoyo (Singapore), Sofitel Hotel (France), Intercontinental, Park Hyatt (USA),\u2026 \u0111\u00f3 l\u00e0 nh\u1eefng minh ch\u1ee9ng r\u00f5 r\u00e0ng nh\u1ea5t cho uy t\u00edn, ch\u1ea5t l\u01b0\u1ee3ng v\u00e0 gi\u00e1 tr\u1ecb th\u01b0\u01a1ng hi\u1ec7u c\u1ee7a ch\u00fang t\u00f4i.<\/em><\/p>\n<p><em>T\u00ednh \u0111\u1ebfn nay, Long Tr\u01b0\u1eddng V\u0169 \u0111\u00e3 c\u00f3 h\u1ec7 th\u1ed1ng chi nh\u00e1nh, nh\u00e0 x\u01b0\u1edfng v\u00e0 trung t\u00e2m ch\u0103m s\u00f3c kh\u00e1ch h\u00e0ng tr\u00ean c\u1ea3 ba mi\u1ec1n B\u1eafc, Trung, Nam \u0111\u01b0\u1ee3c trang b\u1ecb \u0111\u1ea7y \u0111\u1ee7 m\u00e1y m\u00f3c hi\u1ec7n \u0111\u1ea1i, ho\u00e0n to\u00e0n t\u1ef1 \u0111\u1ed9ng, \u0111\u1ea1t h\u1ec7 th\u1ed1ng qu\u1ea3n l\u00fd ch\u1ea5t l\u01b0\u1ee3ng theo ti\u00eau chu\u1ea9n ISO 9001:2015, \u0111\u1ed3ng th\u1eddi \u0111ang tri\u1ec3n khai ph\u1ea7n m\u1ec1m Qu\u1ea3n l\u00fd ngu\u1ed3n l\u1ef1c (ERP) gi\u00fap n\u00e2ng cao hi\u1ec7u qu\u1ea3 qu\u1ea3n l\u00fd \u0111\u1ec3 \u0111\u00e1p \u1ee9ng k\u1ecbp th\u1eddi c\u00e1c y\u00eau c\u1ea7u ng\u00e0y c\u00e0ng kh\u1eaft khe c\u1ee7a kh\u00e1ch h\u00e0ng. \u0110\u00e2y \u0111\u01b0\u1ee3c xem l\u00e0 nh\u1eefng y\u1ebfu t\u1ed1 then ch\u1ed1t gi\u00fap C\u00f4ng ty ti\u1ebfp t\u1ee5c tr\u1edf th\u00e0nh l\u1ef1a ch\u1ecdn s\u1ed1 1 c\u1ee7a Qu\u00fd kh\u00e1ch h\u00e0ng trong l\u0129nh v\u1ef1c cung c\u1ea5p gi\u1ea3i ph\u00e1p x\u1eed l\u00fd n\u01b0\u1edbc c\u00f4ng nghi\u1ec7p.<\/em><\/p>\n<p><em>Tr\u00ean n\u1ec1n t\u1ea3ng c\u01a1 s\u1edf v\u1eadt ch\u1ea5t hi\u1ec7n \u0111\u1ea1i, \u0111\u1ed9i ng\u0169 k\u1ef9 s\u01b0, ki\u1ebfn tr\u00fac s\u01b0, k\u1ef9 thu\u1eadt vi\u00ean,\u2026 c\u00f3 ki\u1ebfn th\u1ee9c chuy\u00ean s\u00e2u, gi\u00e0u kinh nghi\u1ec7m, gi\u00e0u nhi\u1ec7t huy\u1ebft v\u00e0 s\u1ef1 h\u1ed7 tr\u1ee3 k\u1ef9 thu\u1eadt c\u1ee7a c\u00e1c chuy\u00ean gia tr\u00ean 30 n\u0103m kinh nghi\u1ec7m \u0111\u1ebfn t\u1eeb Malaysia, Long Tr\u01b0\u1eddng V\u0169 t\u1ef1 tin mang \u0111\u1ebfn nh\u1eefng gi\u1ea3i ph\u00e1p t\u1ed1i \u01b0u cho Qu\u00fd doanh nghi\u1ec7p, t\u1eebng b\u01b0\u1edbc\u00a0<strong>\u201cKi\u1ebfn t\u1ea1o gi\u00e1 tr\u1ecb \u2013 Vun \u0111\u1eafp ni\u1ec1m tin\u201d \u0111\u1ec3 ti\u1ebfn xa h\u01a1n n\u1eefa trong t\u01b0\u01a1ng lai.<\/strong><\/em><\/p>\n<p><em>Cu\u1ed1i c\u00f9ng, thay m\u1eb7t Ban l\u00e3nh \u0111\u1ea1o C\u00f4ng ty Long Tr\u01b0\u1eddng V\u0169, T\u00f4i ch\u00e2n th\u00e0nh c\u1ea3m \u01a1n s\u1ef1 h\u1ee3p t\u00e1c c\u1ee7a Qu\u00fd v\u1ecb, k\u00ednh ch\u00fac Qu\u00fd v\u1ecb ng\u00e0y c\u00e0ng ph\u00e1t tri\u1ec3n v\u00e0 th\u00e0nh c\u00f4ng.<\/em><\/p>\n<p>&nbsp;<\/p>\n<blockquote><p>Ti\u1ebfp n\u1ed1i th\u00e0nh c\u00f4ng sau 20 n\u0103m ph\u00e1t tri\u1ec3n, b\u01b0\u1edbc v\u00e0o ch\u1eb7ng \u0111\u01b0\u1eddng m\u1edbi v\u1edbi nh\u1eefng c\u01a1 h\u1ed9i v\u00e0 th\u00e1ch th\u1ee9c m\u1edbi, Long Tr\u01b0\u1eddng V\u0169 \u0111ang t\u1eebng b\u01b0\u1edbc chuy\u1ec3n m\u00ecnh tr\u1edf th\u00e0nh t\u1eadp \u0111o\u00e0n LTV Group v\u1edbi k\u1ebf ho\u1ea1ch IPO v\u00e0o n\u0103m 2025 \u0111\u1ec3 huy \u0111\u1ed9ng ngu\u1ed3n l\u1ef1c, m\u1edf r\u1ed9ng quy m\u00f4 th\u1ecb tr\u01b0\u1eddng, khai th\u00e1c t\u1ed1i \u0111a ti\u1ec1m n\u0103ng l\u1ee3i th\u1ebf, s\u1eb5n s\u00e0ng chinh ph\u1ee5c m\u1ee5c ti\u00eau tr\u1edf th\u00e0nh T\u1eadp \u0111o\u00e0n s\u1ed1 1 Vi\u1ec7t Nam n\u00f3i ri\u00eang v\u00e0 khu v\u1ef1c \u0110\u00f4ng Nam \u00c1 n\u00f3i chung trong l\u0129nh v\u1ef1c m\u00f4i tr\u01b0\u1eddng v\u00e0 n\u0103ng l\u01b0\u1ee3ng v\u00e0o n\u0103m 2030.<\/p>\n<p style=\"text-align: center;\">C\u00e1c chi nh\u00e1nh c\u00f4ng ty<br \/>\n<img src=\"https:\/\/longtruongvu.vn\/UserFile\/editor\/images\/MucTieuPhatTrien\/image1.jpeg\" alt=\"\" \/><\/p>\n<\/blockquote>\n<h2><\/h2>\n<h2 style=\"text-align: center;\">CHI\u1ebeN L\u01af\u1ee2C D\u00c0I H\u1ea0N<\/h2>\n<p>\u0110\u1ec3 \u0111\u1ea1t \u0111\u01b0\u1ee3c m\u1ee5c ti\u00eau tr\u1edf th\u00e0nh t\u1eadp \u0111o\u00e0n ho\u1ea1t \u0111\u1ed9ng kinh doanh trong l\u0129nh v\u1ef1c m\u00f4i tr\u01b0\u1eddng v\u00e0 n\u0103ng l\u01b0\u1ee3ng c\u00f3 uy t\u00edn nh\u1ea5t \u1edf<br \/>\n\u0110\u00f4ng Nam \u00c1 v\u00e0o n\u0103m 2025, ch\u00fang t\u00f4i t\u1eadp trung v\u00e0o c\u00e1c t\u1ea1o ra nh\u1eefng \u0111\u00f2n b\u1ea9y tr\u00ean n\u1ec1n t\u1ea3ng ho\u1ea1t \u0111\u1ed9ng kinh doanh gi\u1ea3i ph\u00e1p ch\u1ed1ng \u0103n m\u00f2n v\u00e0 l\u00e0m s\u1ea1ch thi\u1ebft b\u1ecb l\u00f2 h\u01a1i, h\u1ec7 th\u1ed1ng l\u1ea1nh c\u00f4ng nghi\u1ec7p.<\/p>\n<p><img class=\"aligncenter wp-image-667 size-full\" src=\"https:\/\/cleancare.com.vn\/wp-content\/uploads\/2022\/09\/MUC-TIEU-CHIEN-LUOC-PHAT-TRIEN.png\" alt=\"\" width=\"1366\" height=\"722\" srcset=\"https:\/\/cleancare.com.vn\/wp-content\/uploads\/2022\/09\/MUC-TIEU-CHIEN-LUOC-PHAT-TRIEN.png 1366w, https:\/\/cleancare.com.vn\/wp-content\/uploads\/2022\/09\/MUC-TIEU-CHIEN-LUOC-PHAT-TRIEN-300x159.png 300w, https:\/\/cleancare.com.vn\/wp-content\/uploads\/2022\/09\/MUC-TIEU-CHIEN-LUOC-PHAT-TRIEN-1024x541.png 1024w, https:\/\/cleancare.com.vn\/wp-content\/uploads\/2022\/09\/MUC-TIEU-CHIEN-LUOC-PHAT-TRIEN-768x406.png 768w\" sizes=\"(max-width: 1366px) 100vw, 1366px\" \/><\/p>\n<h3 style=\"text-align: center;\">T\u00e1c \u0111\u1ed9ng c\u1ee7a Long Tr\u01b0\u1eddng V\u0169 li\u00ean quan \u0111\u1ebfn ph\u00e1t tri\u1ec3n b\u1ec1n v\u1eefng<\/h3>\n<p>S\u1ef1 t\u0103ng tr\u01b0\u1edfng \u1ed5n \u0111\u1ecbnh v\u1ec1 doanh thu v\u00e0 l\u1ee3i nhu\u1eadn \u0111\u00e3 gi\u00fap C\u00f4ng ty th\u1ef1c hi\u1ec7n t\u1ed1t c\u00e1c ngh\u0129a v\u1ee5 v\u1ec1 thu\u1ebf v\u00e0 t\u00e1c \u0111\u1ed9ng t\u00edch c\u1ef1c \u0111\u1ebfn c\u00e1c v\u1ea5n \u0111\u1ec1 x\u00e3 h\u1ed9i nh\u01b0: \u0111\u00e0o t\u1ea1o ngu\u1ed3n nh\u00e2n l\u1ef1c ch\u1ea5t l\u01b0\u1ee3ng cao, t\u1ea1o c\u00f4ng \u0103n vi\u1ec7c l\u00e0m, \u0111em l\u1ea1i thu nh\u1eadp \u1ed5n \u0111\u1ecbnh cho ng\u01b0\u1eddi lao \u0111\u1ed9ng, chung tay h\u1ed7 tr\u1ee3 c\u1ed9ng \u0111\u1ed3ng b\u1eb1ng c\u00e1c ho\u1ea1t \u0111\u1ed9ng t\u00e0i tr\u1ee3, t\u1eeb thi\u1ec7n thi\u00ea\u0301t th\u01b0\u0323c.<\/p>\n<p>B\u00ean c\u1ea1nh \u0111\u00f3, C\u00f4ng ty lu\u00f4n t\u00ecm t\u00f2i v\u00e0 \u0111\u01b0a ra c\u00e1c gi\u1ea3i ph\u00e1p gi\u00fap h\u1ea1n ch\u1ebf t\u1ed1i \u0111a t\u00e1c \u0111\u1ed9ng \u0111\u1ebfn m\u00f4i tr\u01b0\u1eddng, nh\u1eafc nh\u1edf nh\u00e2n vi\u00ean s\u1eed d\u1ee5ng n\u0103ng l\u01b0\u1ee3ng \u0111\u00fang l\u00fac, \u0111\u00fang ch\u1ed7, ph\u00e1t \u0111\u1ed9ng phong tr\u00e0o tr\u1ed3ng c\u00e2y xanh, \u00e1p d\u1ee5ng khoa h\u1ecdc k\u1ef9 thu\u1eadt \u0111i\u1ec1u ch\u1ec9nh l\u01b0\u1ee3ng ti\u00eau th\u1ee5 n\u0103ng l\u01b0\u1ee3ng nh\u00e0 x\u01b0\u1edfng, v\u1eadn chuy\u1ec3n,\u2026<\/p>\n<h3 style=\"text-align: center;\">X\u00e2y d\u1ef1ng m\u1ed1i quan h\u1ec7 b\u1ec1n v\u1eefng v\u1edbi c\u00e1c b\u00ean li\u00ean quan<\/h3>\n<p><img class=\"aligncenter size-full wp-image-669\" src=\"https:\/\/cleancare.com.vn\/wp-content\/uploads\/2022\/09\/Phat-trien.png\" alt=\"\" width=\"1365\" height=\"630\" srcset=\"https:\/\/cleancare.com.vn\/wp-content\/uploads\/2022\/09\/Phat-trien.png 1365w, https:\/\/cleancare.com.vn\/wp-content\/uploads\/2022\/09\/Phat-trien-300x138.png 300w, https:\/\/cleancare.com.vn\/wp-content\/uploads\/2022\/09\/Phat-trien-1024x473.png 1024w, https:\/\/cleancare.com.vn\/wp-content\/uploads\/2022\/09\/Phat-trien-768x354.png 768w\" sizes=\"(max-width: 1365px) 100vw, 1365px\" \/><\/p>\n<h2 style=\"text-align: center;\">C\u01a0 S\u1ede V\u1eacT CH\u1ea4T V\u00c0 H\u1ec6 TH\u1ed0NG QU\u1ea2N L\u00dd<\/h2>\n<p style=\"text-align: center;\"><strong><em>Ch\u00fang t\u00f4i \u0111\u00e3 m\u1ea1nh d\u1ea1n \u0111\u1ea7u t\u01b0 h\u1ec7 th\u1ed1ng qu\u1ea3n l\u00fd (ERP) v\u00e0 c\u01a1 s\u1edf h\u1ea1 t\u1ea7ng \u0111\u1ec3 t\u1ea1o n\u1ec1n t\u1ea3ng v\u1eefng ch\u1eafc cho s\u1ef1 ph\u00e1t tri\u1ec1n b\u1ec1n v\u1eefng trong t\u01b0\u01a1ng lai, s\u1ef1 \u0111\u1ea7u t\u01b0 b\u00e0i b\u1ea3n n\u00e0y gi\u00fap ch\u00fang t\u00f4i ho\u00e0n to\u00e0n \u0111\u00e1p \u1ee9ng nh\u1eefng y\u00eau c\u1ea7u kh\u1eaft khe nh\u1ea5t c\u1ee7a th\u1ecb tr\u01b0\u1eddng.<\/em><\/strong><\/p>\n<p><img class=\"aligncenter size-full wp-image-671\" src=\"https:\/\/cleancare.com.vn\/wp-content\/uploads\/2022\/09\/CO-SO-VAT-CHAT.png\" alt=\"\" width=\"1359\" height=\"1030\" srcset=\"https:\/\/cleancare.com.vn\/wp-content\/uploads\/2022\/09\/CO-SO-VAT-CHAT.png 1359w, https:\/\/cleancare.com.vn\/wp-content\/uploads\/2022\/09\/CO-SO-VAT-CHAT-300x227.png 300w, https:\/\/cleancare.com.vn\/wp-content\/uploads\/2022\/09\/CO-SO-VAT-CHAT-1024x776.png 1024w, https:\/\/cleancare.com.vn\/wp-content\/uploads\/2022\/09\/CO-SO-VAT-CHAT-768x582.png 768w\" sizes=\"(max-width: 1359px) 100vw, 1359px\" \/><\/p>\n<h2 style=\"text-align: center;\">T\u1ea6M NH\u00ccN S\u1ee8 M\u1ec6NH, V\u0102N H\u00d3A &amp; CAM K\u1ebeT<\/h2>\n<p><img class=\"aligncenter size-full wp-image-673\" src=\"https:\/\/cleancare.com.vn\/wp-content\/uploads\/2022\/09\/Tam-nhin-su-menh-Van-hoa-Cam-ket.png\" alt=\"\" width=\"1366\" height=\"658\" srcset=\"https:\/\/cleancare.com.vn\/wp-content\/uploads\/2022\/09\/Tam-nhin-su-menh-Van-hoa-Cam-ket.png 1366w, https:\/\/cleancare.com.vn\/wp-content\/uploads\/2022\/09\/Tam-nhin-su-menh-Van-hoa-Cam-ket-300x145.png 300w, https:\/\/cleancare.com.vn\/wp-content\/uploads\/2022\/09\/Tam-nhin-su-menh-Van-hoa-Cam-ket-1024x493.png 1024w, https:\/\/cleancare.com.vn\/wp-content\/uploads\/2022\/09\/Tam-nhin-su-menh-Van-hoa-Cam-ket-768x370.png 768w\" sizes=\"(max-width: 1366px) 100vw, 1366px\" \/><\/p>\n","protected":false},"excerpt":{"rendered":"<p>TH\u00d4NG \u0110I\u1ec6P C\u1ee6A CH\u1ee6 T\u1ecaCH N\u0103m 2002, Long Tr\u01b0\u1eddng V\u0169 ch\u00ednh th\u1ee9c \u0111\u01b0\u1ee3c th\u00e0nh l\u1eadp t\u1eeb vi\u1ec7c \u00fd th\u1ee9c s\u00e2u s\u1eafc r\u1eb1ng c\u00f4ng t\u00e1c qu\u1ea3n l\u00fd v\u00e0 ki\u1ec3m so\u00e1t \u0111\u00f3ng vai tr\u00f2 r\u1ea5t quan tr\u1ecdng trong s\u1ea3n xu\u1ea5t v\u00e0 v\u1eadn h\u00e0nh doanh nghi\u1ec7p. N\u1ebfu th\u1ef1c hi\u1ec7n kh\u00f4ng t\u1ed1t s\u1ebd l\u00e0m t\u0103ng chi ph\u00ed s\u1ea3n xu\u1ea5t, &#8230; <a title=\"GI\u1edaI THI\u1ec6U\" class=\"read-more\" href=\"https:\/\/cleancare.com.vn\/en\/gioi-thieu\/\" aria-label=\"More on GI\u1edaI THI\u1ec6U\">Read more<\/a><\/p>\n","protected":false},"author":1,"featured_media":1342,"parent":0,"menu_order":0,"comment_status":"closed","ping_status":"closed","template":"templates\/about.php","meta":[],"acf":[],"_links":{"self":[{"href":"https:\/\/cleancare.com.vn\/en\/wp-json\/wp\/v2\/pages\/1012"}],"collection":[{"href":"https:\/\/cleancare.com.vn\/en\/wp-json\/wp\/v2\/pages"}],"about":[{"href":"https:\/\/cleancare.com.vn\/en\/wp-json\/wp\/v2\/types\/page"}],"author":[{"embeddable":true,"href":"https:\/\/cleancare.com.vn\/en\/wp-json\/wp\/v2\/users\/1"}],"replies":[{"embeddable":true,"href":"https:\/\/cleancare.com.vn\/en\/wp-json\/wp\/v2\/comments?post=1012"}],"version-history":[{"count":7,"href":"https:\/\/cleancare.com.vn\/en\/wp-json\/wp\/v2\/pages\/1012\/revisions"}],"predecessor-version":[{"id":1350,"href":"https:\/\/cleancare.com.vn\/en\/wp-json\/wp\/v2\/pages\/1012\/revisions\/1350"}],"wp:featuredmedia":[{"embeddable":true,"href":"https:\/\/cleancare.com.vn\/en\/wp-json\/wp\/v2\/media\/1342"}],"wp:attachment":[{"href":"https:\/\/cleancare.com.vn\/en\/wp-json\/wp\/v2\/media?parent=1012"}],"curies":[{"name":"wp","href":"https:\/\/api.w.org\/{rel}","templated":true}]}}